{"id":95,"date":"2023-11-27T08:42:16","date_gmt":"2023-11-27T08:42:16","guid":{"rendered":"https:\/\/test1.i-rose.si\/?page_id=95"},"modified":"2024-01-11T09:39:35","modified_gmt":"2024-01-11T09:39:35","slug":"odvetniska-pisarna","status":"publish","type":"page","link":"https:\/\/odvetnistvo.net\/?page_id=95","title":{"rendered":"Odvetni\u0161ka pisarna"},"content":{"rendered":"\t\t<div data-elementor-type=\"wp-page\" data-elementor-id=\"95\" class=\"elementor elementor-95\">\n\t\t\t\t\t\t\t<div class=\"elementor-element elementor-element-16f73c4 e-flex e-con-boxed e-con e-parent\" data-id=\"16f73c4\" data-element_type=\"container\" data-settings=\"{&quot;background_background&quot;:&quot;classic&quot;,&quot;content_width&quot;:&quot;boxed&quot;}\" data-core-v316-plus=\"true\">\n\t\t\t\t\t<div class=\"e-con-inner\">\n\t\t<div class=\"elementor-element elementor-element-4d3180b e-con-full e-flex e-con e-child\" data-id=\"4d3180b\" data-element_type=\"container\" data-settings=\"{&quot;content_width&quot;:&quot;full&quot;}\">\n\t\t\t\t<div class=\"elementor-element elementor-element-1526c53 elementor-widget elementor-widget-heading\" data-id=\"1526c53\" data-element_type=\"widget\" data-widget_type=\"heading.default\">\n\t\t\t\t<div class=\"elementor-widget-container\">\n\t\t\t<style>\/*! elementor - v3.18.0 - 08-12-2023 *\/\n.elementor-heading-title{padding:0;margin:0;line-height:1}.elementor-widget-heading .elementor-heading-title[class*=elementor-size-]>a{color:inherit;font-size:inherit;line-height:inherit}.elementor-widget-heading .elementor-heading-title.elementor-size-small{font-size:15px}.elementor-widget-heading .elementor-heading-title.elementor-size-medium{font-size:19px}.elementor-widget-heading .elementor-heading-title.elementor-size-large{font-size:29px}.elementor-widget-heading .elementor-heading-title.elementor-size-xl{font-size:39px}.elementor-widget-heading .elementor-heading-title.elementor-size-xxl{font-size:59px}<\/style><h2 class=\"elementor-heading-title elementor-size-default\">Odvetni\u0161ka pisarna<\/h2>\t\t<\/div>\n\t\t\t\t<\/div>\n\t\t\t\t<div class=\"elementor-element elementor-element-0399109 elementor-widget elementor-widget-text-editor\" data-id=\"0399109\" data-element_type=\"widget\" data-widget_type=\"text-editor.default\">\n\t\t\t\t<div class=\"elementor-widget-container\">\n\t\t\t<style>\/*! elementor - v3.18.0 - 08-12-2023 *\/\n.elementor-widget-text-editor.elementor-drop-cap-view-stacked .elementor-drop-cap{background-color:#69727d;color:#fff}.elementor-widget-text-editor.elementor-drop-cap-view-framed .elementor-drop-cap{color:#69727d;border:3px solid;background-color:transparent}.elementor-widget-text-editor:not(.elementor-drop-cap-view-default) .elementor-drop-cap{margin-top:8px}.elementor-widget-text-editor:not(.elementor-drop-cap-view-default) .elementor-drop-cap-letter{width:1em;height:1em}.elementor-widget-text-editor .elementor-drop-cap{float:left;text-align:center;line-height:1;font-size:50px}.elementor-widget-text-editor .elementor-drop-cap-letter{display:inline-block}<\/style>\t\t\t\t<p>Odvetnici nudita oseben in hkrati profesionalen pristop k re\u0161evanju razli\u010dnih pravnih problemov in zastopanje pred razli\u010dnimi upravnimi organi in sodi\u0161\u010di.<\/p><p>Pisarna je znana po dolgoletnem delu na podro\u010dju vseh vrst od\u0161kodnin. Stranke zastopa v postopku uveljavljanja od\u0161kodnin pri zavarovalnicah in tudi neposredno pri povzro\u010diteljih \u0161kode. V primerih, ko zavarovalnice ali neposredni povzro\u010ditelji odklonijo izpla\u010dilo od\u0161kodnine ali niso pripravljeni izpla\u010dati primerne od\u0161kodnine, stranke zastopa v sodnih postopkih.<\/p><p>Na\u0161a pisarna na podro\u010djih dela, ki jih pokriva, \u017ee vrsto let sodeluje z odvetni\u0161ko pisarno iz M\u00fcnchna, ki jo vodi Anja Dremelj de Belachur v zadevah, kjer je potrebno poznavanje prava Zvezne Republike Nem\u010dije.<\/p>\t\t\t\t\t\t<\/div>\n\t\t\t\t<\/div>\n\t\t\t\t<div class=\"elementor-element elementor-element-900ce47 elementor-widget elementor-widget-image\" data-id=\"900ce47\" data-element_type=\"widget\" data-widget_type=\"image.default\">\n\t\t\t\t<div class=\"elementor-widget-container\">\n\t\t\t<style>\/*! elementor - v3.18.0 - 08-12-2023 *\/\n.elementor-widget-image{text-align:center}.elementor-widget-image a{display:inline-block}.elementor-widget-image a img[src$=\".svg\"]{width:48px}.elementor-widget-image img{vertical-align:middle;display:inline-block}<\/style>\t\t\t\t\t\t\t\t\t\t\t\t<img fetchpriority=\"high\" decoding=\"async\" width=\"300\" height=\"225\" src=\"https:\/\/odvetnistvo.net\/wp-content\/uploads\/2023\/12\/za-spletno-stran-skupna-300x225.jpg\" class=\"attachment-medium size-medium wp-image-245\" alt=\"odvetniska pisarna\" srcset=\"https:\/\/odvetnistvo.net\/wp-content\/uploads\/2023\/12\/za-spletno-stran-skupna-300x225.jpg 300w, https:\/\/odvetnistvo.net\/wp-content\/uploads\/2023\/12\/za-spletno-stran-skupna-1024x768.jpg 1024w, https:\/\/odvetnistvo.net\/wp-content\/uploads\/2023\/12\/za-spletno-stran-skupna-768x576.jpg 768w, https:\/\/odvetnistvo.net\/wp-content\/uploads\/2023\/12\/za-spletno-stran-skupna-1536x1152.jpg 1536w, https:\/\/odvetnistvo.net\/wp-content\/uploads\/2023\/12\/za-spletno-stran-skupna-2048x1536.jpg 2048w, https:\/\/odvetnistvo.net\/wp-content\/uploads\/2023\/12\/za-spletno-stran-skupna-1140x855.jpg 1140w\" sizes=\"(max-width: 300px) 100vw, 300px\" \/>\t\t\t\t\t\t\t\t\t\t\t\t\t\t\t<\/div>\n\t\t\t\t<\/div>\n\t\t\t\t<\/div>\n\t\t<div class=\"elementor-element elementor-element-b82634f e-con-full e-flex e-con e-child\" data-id=\"b82634f\" data-element_type=\"container\" data-settings=\"{&quot;content_width&quot;:&quot;full&quot;}\">\n\t\t\t\t<div class=\"elementor-element elementor-element-673b70c elementor-widget elementor-widget-text-editor\" data-id=\"673b70c\" data-element_type=\"widget\" data-widget_type=\"text-editor.default\">\n\t\t\t\t<div class=\"elementor-widget-container\">\n\t\t\t\t\t\t\t<p><em><strong>\u00a0 Odvetnica Suzana Jude\u017e<\/strong><\/em><\/p>\t\t\t\t\t\t<\/div>\n\t\t\t\t<\/div>\n\t\t\t\t<div class=\"elementor-element elementor-element-de69981 elementor-widget elementor-widget-text-editor\" data-id=\"de69981\" data-element_type=\"widget\" data-widget_type=\"text-editor.default\">\n\t\t\t\t<div class=\"elementor-widget-container\">\n\t\t\t\t\t\t\t<p><b>Naslov<\/b>:<br \/>Resslova ulica 5<br \/>8000 Novo mesto<\/p><p><strong>Odvetnici:<\/strong><br \/>Suzana Jude\u017e<br \/>Ana Kristina Poto\u010dnik<\/p><p><strong>Telefon:<\/strong><br \/>01 750 42 46<\/p><p><strong>Faks:<\/strong><br \/>01 755 79 70<\/p><p><strong>Mobilni:<\/strong><br \/>041 326 790<br \/>041 706 858<\/p><p><strong>E-po\u0161ta:<\/strong><br \/>info@odvetnistvo.net<\/p>\t\t\t\t\t\t<\/div>\n\t\t\t\t<\/div>\n\t\t\t\t<\/div>\n\t\t\t\t\t<\/div>\n\t\t\t\t<\/div>\n\t\t\t\t\t\t\t<\/div>\n\t\t","protected":false},"excerpt":{"rendered":"<p>Odvetni\u0161ka pisarna Odvetnici nudita oseben in hkrati profesionalen pristop k re\u0161evanju razli\u010dnih pravnih problemov in zastopanje pred razli\u010dnimi upravnimi organi in sodi\u0161\u010di. Pisarna je znana po dolgoletnem delu na podro\u010dju vseh vrst od\u0161kodnin. Stranke zastopa v postopku uveljavljanja od\u0161kodnin pri zavarovalnicah in tudi neposredno pri povzro\u010diteljih \u0161kode. V primerih, ko zavarovalnice ali neposredni povzro\u010ditelji odklonijo&hellip;&nbsp;<a href=\"https:\/\/odvetnistvo.net\/?page_id=95\" class=\"\" rel=\"bookmark\">Read More &raquo;<span class=\"screen-reader-text\">Odvetni\u0161ka pisarna<\/span><\/a><\/p>\n","protected":false},"author":1,"featured_media":0,"parent":0,"menu_order":0,"comment_status":"closed","ping_status":"closed","template":"","meta":{"neve_meta_sidebar":"","neve_meta_container":"","neve_meta_enable_content_width":"","neve_meta_content_width":0,"neve_meta_title_alignment":"","neve_meta_author_avatar":"","neve_post_elements_order":"","neve_meta_disable_header":"","neve_meta_disable_footer":"","neve_meta_disable_title":"","footnotes":""},"class_list":["post-95","page","type-page","status-publish","hentry"],"yoast_head":"<!-- This site is optimized with the Yoast SEO plugin v22.0 - https:\/\/yoast.com\/wordpress\/plugins\/seo\/ -->\n<title>Odvetni\u0161ka pisarna - Odvetnica Suzana Jude\u017e<\/title>\n<meta name=\"description\" content=\"Odvetni\u0161ka pisarna se nahaja v Novem mestu. Pisarna je znana po dolgoletnem delu na podro\u010dju vseh vrst od\u0161kodnin.\" \/>\n<meta name=\"robots\" content=\"index, follow, max-snippet:-1, max-image-preview:large, max-video-preview:-1\" \/>\n<link rel=\"canonical\" href=\"https:\/\/odvetnistvo.net\/?page_id=95\" \/>\n<meta property=\"og:locale\" content=\"en_US\" \/>\n<meta property=\"og:type\" content=\"article\" \/>\n<meta property=\"og:title\" content=\"Odvetni\u0161ka pisarna - Odvetnica Suzana Jude\u017e\" \/>\n<meta property=\"og:description\" content=\"Odvetni\u0161ka pisarna se nahaja v Novem mestu. Pisarna je znana po dolgoletnem delu na podro\u010dju vseh vrst od\u0161kodnin.\" \/>\n<meta property=\"og:url\" content=\"https:\/\/odvetnistvo.net\/?page_id=95\" \/>\n<meta property=\"og:site_name\" content=\"Odvetnica Suzana Jude\u017e\" \/>\n<meta property=\"article:modified_time\" content=\"2024-01-11T09:39:35+00:00\" \/>\n<meta property=\"og:image\" content=\"https:\/\/odvetnistvo.net\/wp-content\/uploads\/2023\/12\/za-spletno-stran-skupna-300x225.jpg\" \/>\n<meta name=\"twitter:card\" content=\"summary_large_image\" \/>\n<meta name=\"twitter:label1\" content=\"Est. reading time\" \/>\n\t<meta name=\"twitter:data1\" content=\"1 minute\" \/>\n<script type=\"application\/ld+json\" class=\"yoast-schema-graph\">{\"@context\":\"https:\/\/schema.org\",\"@graph\":[{\"@type\":\"WebPage\",\"@id\":\"https:\/\/odvetnistvo.net\/?page_id=95\",\"url\":\"https:\/\/odvetnistvo.net\/?page_id=95\",\"name\":\"Odvetni\u0161ka pisarna - Odvetnica Suzana Jude\u017e\",\"isPartOf\":{\"@id\":\"https:\/\/odvetnistvo.net\/#website\"},\"datePublished\":\"2023-11-27T08:42:16+00:00\",\"dateModified\":\"2024-01-11T09:39:35+00:00\",\"description\":\"Odvetni\u0161ka pisarna se nahaja v Novem mestu. Pisarna je znana po dolgoletnem delu na podro\u010dju vseh vrst od\u0161kodnin.\",\"breadcrumb\":{\"@id\":\"https:\/\/odvetnistvo.net\/?page_id=95#breadcrumb\"},\"inLanguage\":\"en-US\",\"potentialAction\":[{\"@type\":\"ReadAction\",\"target\":[\"https:\/\/odvetnistvo.net\/?page_id=95\"]}]},{\"@type\":\"BreadcrumbList\",\"@id\":\"https:\/\/odvetnistvo.net\/?page_id=95#breadcrumb\",\"itemListElement\":[{\"@type\":\"ListItem\",\"position\":1,\"name\":\"Home\",\"item\":\"https:\/\/odvetnistvo.net\/\"},{\"@type\":\"ListItem\",\"position\":2,\"name\":\"Odvetni\u0161ka pisarna\"}]},{\"@type\":\"WebSite\",\"@id\":\"https:\/\/odvetnistvo.net\/#website\",\"url\":\"https:\/\/odvetnistvo.net\/\",\"name\":\"Odvetnica Suzana Jude\u017e\",\"description\":\"www.odvetnistvo.net - celovitost, zaveza, rezultati\",\"potentialAction\":[{\"@type\":\"SearchAction\",\"target\":{\"@type\":\"EntryPoint\",\"urlTemplate\":\"https:\/\/odvetnistvo.net\/?s={search_term_string}\"},\"query-input\":\"required name=search_term_string\"}],\"inLanguage\":\"en-US\"}]}<\/script>\n<!-- \/ Yoast SEO plugin. -->","yoast_head_json":{"title":"Odvetni\u0161ka pisarna - Odvetnica Suzana Jude\u017e","description":"Odvetni\u0161ka pisarna se nahaja v Novem mestu. Pisarna je znana po dolgoletnem delu na podro\u010dju vseh vrst od\u0161kodnin.","robots":{"index":"index","follow":"follow","max-snippet":"max-snippet:-1","max-image-preview":"max-image-preview:large","max-video-preview":"max-video-preview:-1"},"canonical":"https:\/\/odvetnistvo.net\/?page_id=95","og_locale":"en_US","og_type":"article","og_title":"Odvetni\u0161ka pisarna - Odvetnica Suzana Jude\u017e","og_description":"Odvetni\u0161ka pisarna se nahaja v Novem mestu. Pisarna je znana po dolgoletnem delu na podro\u010dju vseh vrst od\u0161kodnin.","og_url":"https:\/\/odvetnistvo.net\/?page_id=95","og_site_name":"Odvetnica Suzana Jude\u017e","article_modified_time":"2024-01-11T09:39:35+00:00","og_image":[{"url":"https:\/\/odvetnistvo.net\/wp-content\/uploads\/2023\/12\/za-spletno-stran-skupna-300x225.jpg"}],"twitter_card":"summary_large_image","twitter_misc":{"Est. reading time":"1 minute"},"schema":{"@context":"https:\/\/schema.org","@graph":[{"@type":"WebPage","@id":"https:\/\/odvetnistvo.net\/?page_id=95","url":"https:\/\/odvetnistvo.net\/?page_id=95","name":"Odvetni\u0161ka pisarna - Odvetnica Suzana Jude\u017e","isPartOf":{"@id":"https:\/\/odvetnistvo.net\/#website"},"datePublished":"2023-11-27T08:42:16+00:00","dateModified":"2024-01-11T09:39:35+00:00","description":"Odvetni\u0161ka pisarna se nahaja v Novem mestu. Pisarna je znana po dolgoletnem delu na podro\u010dju vseh vrst od\u0161kodnin.","breadcrumb":{"@id":"https:\/\/odvetnistvo.net\/?page_id=95#breadcrumb"},"inLanguage":"en-US","potentialAction":[{"@type":"ReadAction","target":["https:\/\/odvetnistvo.net\/?page_id=95"]}]},{"@type":"BreadcrumbList","@id":"https:\/\/odvetnistvo.net\/?page_id=95#breadcrumb","itemListElement":[{"@type":"ListItem","position":1,"name":"Home","item":"https:\/\/odvetnistvo.net\/"},{"@type":"ListItem","position":2,"name":"Odvetni\u0161ka pisarna"}]},{"@type":"WebSite","@id":"https:\/\/odvetnistvo.net\/#website","url":"https:\/\/odvetnistvo.net\/","name":"Odvetnica Suzana Jude\u017e","description":"www.odvetnistvo.net - celovitost, zaveza, rezultati","potentialAction":[{"@type":"SearchAction","target":{"@type":"EntryPoint","urlTemplate":"https:\/\/odvetnistvo.net\/?s={search_term_string}"},"query-input":"required name=search_term_string"}],"inLanguage":"en-US"}]}},"_links":{"self":[{"href":"https:\/\/odvetnistvo.net\/index.php?rest_route=\/wp\/v2\/pages\/95","targetHints":{"allow":["GET"]}}],"collection":[{"href":"https:\/\/odvetnistvo.net\/index.php?rest_route=\/wp\/v2\/pages"}],"about":[{"href":"https:\/\/odvetnistvo.net\/index.php?rest_route=\/wp\/v2\/types\/page"}],"author":[{"embeddable":true,"href":"https:\/\/odvetnistvo.net\/index.php?rest_route=\/wp\/v2\/users\/1"}],"replies":[{"embeddable":true,"href":"https:\/\/odvetnistvo.net\/index.php?rest_route=%2Fwp%2Fv2%2Fcomments&post=95"}],"version-history":[{"count":48,"href":"https:\/\/odvetnistvo.net\/index.php?rest_route=\/wp\/v2\/pages\/95\/revisions"}],"predecessor-version":[{"id":403,"href":"https:\/\/odvetnistvo.net\/index.php?rest_route=\/wp\/v2\/pages\/95\/revisions\/403"}],"wp:attachment":[{"href":"https:\/\/odvetnistvo.net\/index.php?rest_route=%2Fwp%2Fv2%2Fmedia&parent=95"}],"curies":[{"name":"wp","href":"https:\/\/api.w.org\/{rel}","templated":true}]}}