{"id":79,"date":"2023-11-24T13:18:56","date_gmt":"2023-11-24T13:18:56","guid":{"rendered":"https:\/\/test1.i-rose.si\/?page_id=79"},"modified":"2024-01-11T08:49:11","modified_gmt":"2024-01-11T08:49:11","slug":"podrocje-dela","status":"publish","type":"page","link":"https:\/\/odvetnistvo.net\/?page_id=79","title":{"rendered":"Podro\u010dje delovanja"},"content":{"rendered":"\t\t<div data-elementor-type=\"wp-page\" data-elementor-id=\"79\" class=\"elementor elementor-79\">\n\t\t\t\t\t\t\t<div class=\"elementor-element elementor-element-ff26158 e-flex e-con-boxed e-con e-parent\" data-id=\"ff26158\" data-element_type=\"container\" data-settings=\"{&quot;background_background&quot;:&quot;classic&quot;,&quot;content_width&quot;:&quot;boxed&quot;}\" data-core-v316-plus=\"true\">\n\t\t\t\t\t<div class=\"e-con-inner\">\n\t\t<div class=\"elementor-element elementor-element-f7d6130 e-con-full e-flex e-con e-child\" data-id=\"f7d6130\" data-element_type=\"container\" data-settings=\"{&quot;content_width&quot;:&quot;full&quot;}\">\n\t\t\t\t<div class=\"elementor-element elementor-element-def941a elementor-widget elementor-widget-heading\" data-id=\"def941a\" data-element_type=\"widget\" data-widget_type=\"heading.default\">\n\t\t\t\t<div class=\"elementor-widget-container\">\n\t\t\t<style>\/*! elementor - v3.18.0 - 08-12-2023 *\/\n.elementor-heading-title{padding:0;margin:0;line-height:1}.elementor-widget-heading .elementor-heading-title[class*=elementor-size-]>a{color:inherit;font-size:inherit;line-height:inherit}.elementor-widget-heading .elementor-heading-title.elementor-size-small{font-size:15px}.elementor-widget-heading .elementor-heading-title.elementor-size-medium{font-size:19px}.elementor-widget-heading .elementor-heading-title.elementor-size-large{font-size:29px}.elementor-widget-heading .elementor-heading-title.elementor-size-xl{font-size:39px}.elementor-widget-heading .elementor-heading-title.elementor-size-xxl{font-size:59px}<\/style><h2 class=\"elementor-heading-title elementor-size-default\">Podro\u010dje delovanja<\/h2>\t\t<\/div>\n\t\t\t\t<\/div>\n\t\t\t\t<div class=\"elementor-element elementor-element-bfcdcd6 elementor-widget elementor-widget-text-editor\" data-id=\"bfcdcd6\" data-element_type=\"widget\" data-widget_type=\"text-editor.default\">\n\t\t\t\t<div class=\"elementor-widget-container\">\n\t\t\t<style>\/*! elementor - v3.18.0 - 08-12-2023 *\/\n.elementor-widget-text-editor.elementor-drop-cap-view-stacked .elementor-drop-cap{background-color:#69727d;color:#fff}.elementor-widget-text-editor.elementor-drop-cap-view-framed .elementor-drop-cap{color:#69727d;border:3px solid;background-color:transparent}.elementor-widget-text-editor:not(.elementor-drop-cap-view-default) .elementor-drop-cap{margin-top:8px}.elementor-widget-text-editor:not(.elementor-drop-cap-view-default) .elementor-drop-cap-letter{width:1em;height:1em}.elementor-widget-text-editor .elementor-drop-cap{float:left;text-align:center;line-height:1;font-size:50px}.elementor-widget-text-editor .elementor-drop-cap-letter{display:inline-block}<\/style>\t\t\t\t<p><strong>\u2022 CIVILNO PRAVO<\/strong><br \/>&#8211; od\u0161kodninsko pravo (tradicija pisarne)<br \/>&#8211; pogodbeno pravo<br \/>&#8211; nepremi\u010dninsko pravo<br \/>&#8211; dedno pravo<br \/>&#8211; dru\u017einsko pravo<\/p><p><strong>\u2022 GOSPODARSKO PRAVO<\/strong><\/p><p><strong>\u2022 DELOVNO PRAVO<br \/><\/strong>\u00a0vklju\u010dno s svetovanjem pri pridobivanju delovnih dovoljenj za tujce<\/p><p><strong>\u2022 UPRAVNI POSTOPKI IN SPORI<\/strong><\/p>\t\t\t\t\t\t<\/div>\n\t\t\t\t<\/div>\n\t\t\t\t<\/div>\n\t\t<div class=\"elementor-element elementor-element-f2739ef e-con-full e-flex e-con e-child\" data-id=\"f2739ef\" data-element_type=\"container\" data-settings=\"{&quot;content_width&quot;:&quot;full&quot;}\">\n\t\t\t\t<div class=\"elementor-element elementor-element-ec70a51 elementor-widget elementor-widget-text-editor\" data-id=\"ec70a51\" data-element_type=\"widget\" data-widget_type=\"text-editor.default\">\n\t\t\t\t<div class=\"elementor-widget-container\">\n\t\t\t\t\t\t\t<p><em><strong>\u00a0 Odvetnica Suzana Jude\u017e<\/strong><\/em><\/p>\t\t\t\t\t\t<\/div>\n\t\t\t\t<\/div>\n\t\t\t\t<div class=\"elementor-element elementor-element-99cb901 elementor-widget elementor-widget-text-editor\" data-id=\"99cb901\" data-element_type=\"widget\" data-widget_type=\"text-editor.default\">\n\t\t\t\t<div class=\"elementor-widget-container\">\n\t\t\t\t\t\t\t<p><strong>Naslov:<\/strong><br \/>Resslova ulica 5<br \/>8000 Novo mesto<\/p><p><strong>Odvetnici:<\/strong><br \/>Suzana Jude\u017e<br \/>Ana Kristina Poto\u010dnik<\/p><p><strong>Telefon:<\/strong><br \/>01 750 42 46<\/p><p><strong>Faks:<\/strong><br \/>01 755 79 70<\/p><p><strong>Mobilni:<\/strong><br \/>041 326 790<br \/>041 706 858<\/p><p><strong>E-po\u0161ta:<\/strong><br \/>info@odvetnistvo.net<\/p>\t\t\t\t\t\t<\/div>\n\t\t\t\t<\/div>\n\t\t\t\t<\/div>\n\t\t\t\t\t<\/div>\n\t\t\t\t<\/div>\n\t\t\t\t\t\t\t<\/div>\n\t\t","protected":false},"excerpt":{"rendered":"<p>Podro\u010dje delovanja \u2022 CIVILNO PRAVO&#8211; od\u0161kodninsko pravo (tradicija pisarne)&#8211; pogodbeno pravo&#8211; nepremi\u010dninsko pravo&#8211; dedno pravo&#8211; dru\u017einsko pravo \u2022 GOSPODARSKO PRAVO \u2022 DELOVNO PRAVO\u00a0vklju\u010dno s svetovanjem pri pridobivanju delovnih dovoljenj za tujce \u2022 UPRAVNI POSTOPKI IN SPORI \u00a0 Odvetnica Suzana Jude\u017e Naslov:Resslova ulica 58000 Novo mesto Odvetnici:Suzana Jude\u017eAna Kristina Poto\u010dnik Telefon:01 750 42 46 Faks:01 755&hellip;&nbsp;<a href=\"https:\/\/odvetnistvo.net\/?page_id=79\" class=\"\" rel=\"bookmark\">Read More &raquo;<span class=\"screen-reader-text\">Podro\u010dje delovanja<\/span><\/a><\/p>\n","protected":false},"author":1,"featured_media":0,"parent":0,"menu_order":0,"comment_status":"closed","ping_status":"closed","template":"","meta":{"neve_meta_sidebar":"","neve_meta_container":"","neve_meta_enable_content_width":"","neve_meta_content_width":0,"neve_meta_title_alignment":"","neve_meta_author_avatar":"","neve_post_elements_order":"","neve_meta_disable_header":"","neve_meta_disable_footer":"","neve_meta_disable_title":"","footnotes":""},"class_list":["post-79","page","type-page","status-publish","hentry"],"yoast_head":"<!-- This site is optimized with the Yoast SEO plugin v22.0 - https:\/\/yoast.com\/wordpress\/plugins\/seo\/ -->\n<title>Podro\u010dje delovanja - Odvetnica Suzana Jude\u017e<\/title>\n<meta name=\"description\" content=\"Strokovna ekipa odvetni\u0161ke pisarne obravnava \u0161tevilna podro\u010dja prava, podro\u010dje upravnih postopkov in re\u0161evanja sporov.\" \/>\n<meta name=\"robots\" content=\"index, follow, max-snippet:-1, max-image-preview:large, max-video-preview:-1\" \/>\n<link rel=\"canonical\" href=\"https:\/\/odvetnistvo.net\/?page_id=79\" \/>\n<meta property=\"og:locale\" content=\"en_US\" \/>\n<meta property=\"og:type\" content=\"article\" \/>\n<meta property=\"og:title\" content=\"Podro\u010dje delovanja - Odvetnica Suzana Jude\u017e\" \/>\n<meta property=\"og:description\" content=\"Strokovna ekipa odvetni\u0161ke pisarne obravnava \u0161tevilna podro\u010dja prava, podro\u010dje upravnih postopkov in re\u0161evanja sporov.\" \/>\n<meta property=\"og:url\" content=\"https:\/\/odvetnistvo.net\/?page_id=79\" \/>\n<meta property=\"og:site_name\" content=\"Odvetnica Suzana Jude\u017e\" \/>\n<meta property=\"article:modified_time\" content=\"2024-01-11T08:49:11+00:00\" \/>\n<meta name=\"twitter:card\" content=\"summary_large_image\" \/>\n<meta name=\"twitter:label1\" content=\"Est. reading time\" \/>\n\t<meta name=\"twitter:data1\" content=\"1 minute\" \/>\n<script type=\"application\/ld+json\" class=\"yoast-schema-graph\">{\"@context\":\"https:\/\/schema.org\",\"@graph\":[{\"@type\":\"WebPage\",\"@id\":\"https:\/\/odvetnistvo.net\/?page_id=79\",\"url\":\"https:\/\/odvetnistvo.net\/?page_id=79\",\"name\":\"Podro\u010dje delovanja - Odvetnica Suzana Jude\u017e\",\"isPartOf\":{\"@id\":\"https:\/\/odvetnistvo.net\/#website\"},\"datePublished\":\"2023-11-24T13:18:56+00:00\",\"dateModified\":\"2024-01-11T08:49:11+00:00\",\"description\":\"Strokovna ekipa odvetni\u0161ke pisarne obravnava \u0161tevilna podro\u010dja prava, podro\u010dje upravnih postopkov in re\u0161evanja sporov.\",\"breadcrumb\":{\"@id\":\"https:\/\/odvetnistvo.net\/?page_id=79#breadcrumb\"},\"inLanguage\":\"en-US\",\"potentialAction\":[{\"@type\":\"ReadAction\",\"target\":[\"https:\/\/odvetnistvo.net\/?page_id=79\"]}]},{\"@type\":\"BreadcrumbList\",\"@id\":\"https:\/\/odvetnistvo.net\/?page_id=79#breadcrumb\",\"itemListElement\":[{\"@type\":\"ListItem\",\"position\":1,\"name\":\"Home\",\"item\":\"https:\/\/odvetnistvo.net\/\"},{\"@type\":\"ListItem\",\"position\":2,\"name\":\"Podro\u010dje delovanja\"}]},{\"@type\":\"WebSite\",\"@id\":\"https:\/\/odvetnistvo.net\/#website\",\"url\":\"https:\/\/odvetnistvo.net\/\",\"name\":\"Odvetnica Suzana Jude\u017e\",\"description\":\"www.odvetnistvo.net - celovitost, zaveza, rezultati\",\"potentialAction\":[{\"@type\":\"SearchAction\",\"target\":{\"@type\":\"EntryPoint\",\"urlTemplate\":\"https:\/\/odvetnistvo.net\/?s={search_term_string}\"},\"query-input\":\"required name=search_term_string\"}],\"inLanguage\":\"en-US\"}]}<\/script>\n<!-- \/ Yoast SEO plugin. -->","yoast_head_json":{"title":"Podro\u010dje delovanja - Odvetnica Suzana Jude\u017e","description":"Strokovna ekipa odvetni\u0161ke pisarne obravnava \u0161tevilna podro\u010dja prava, podro\u010dje upravnih postopkov in re\u0161evanja sporov.","robots":{"index":"index","follow":"follow","max-snippet":"max-snippet:-1","max-image-preview":"max-image-preview:large","max-video-preview":"max-video-preview:-1"},"canonical":"https:\/\/odvetnistvo.net\/?page_id=79","og_locale":"en_US","og_type":"article","og_title":"Podro\u010dje delovanja - Odvetnica Suzana Jude\u017e","og_description":"Strokovna ekipa odvetni\u0161ke pisarne obravnava \u0161tevilna podro\u010dja prava, podro\u010dje upravnih postopkov in re\u0161evanja sporov.","og_url":"https:\/\/odvetnistvo.net\/?page_id=79","og_site_name":"Odvetnica Suzana Jude\u017e","article_modified_time":"2024-01-11T08:49:11+00:00","twitter_card":"summary_large_image","twitter_misc":{"Est. reading time":"1 minute"},"schema":{"@context":"https:\/\/schema.org","@graph":[{"@type":"WebPage","@id":"https:\/\/odvetnistvo.net\/?page_id=79","url":"https:\/\/odvetnistvo.net\/?page_id=79","name":"Podro\u010dje delovanja - Odvetnica Suzana Jude\u017e","isPartOf":{"@id":"https:\/\/odvetnistvo.net\/#website"},"datePublished":"2023-11-24T13:18:56+00:00","dateModified":"2024-01-11T08:49:11+00:00","description":"Strokovna ekipa odvetni\u0161ke pisarne obravnava \u0161tevilna podro\u010dja prava, podro\u010dje upravnih postopkov in re\u0161evanja sporov.","breadcrumb":{"@id":"https:\/\/odvetnistvo.net\/?page_id=79#breadcrumb"},"inLanguage":"en-US","potentialAction":[{"@type":"ReadAction","target":["https:\/\/odvetnistvo.net\/?page_id=79"]}]},{"@type":"BreadcrumbList","@id":"https:\/\/odvetnistvo.net\/?page_id=79#breadcrumb","itemListElement":[{"@type":"ListItem","position":1,"name":"Home","item":"https:\/\/odvetnistvo.net\/"},{"@type":"ListItem","position":2,"name":"Podro\u010dje delovanja"}]},{"@type":"WebSite","@id":"https:\/\/odvetnistvo.net\/#website","url":"https:\/\/odvetnistvo.net\/","name":"Odvetnica Suzana Jude\u017e","description":"www.odvetnistvo.net - celovitost, zaveza, rezultati","potentialAction":[{"@type":"SearchAction","target":{"@type":"EntryPoint","urlTemplate":"https:\/\/odvetnistvo.net\/?s={search_term_string}"},"query-input":"required name=search_term_string"}],"inLanguage":"en-US"}]}},"_links":{"self":[{"href":"https:\/\/odvetnistvo.net\/index.php?rest_route=\/wp\/v2\/pages\/79","targetHints":{"allow":["GET"]}}],"collection":[{"href":"https:\/\/odvetnistvo.net\/index.php?rest_route=\/wp\/v2\/pages"}],"about":[{"href":"https:\/\/odvetnistvo.net\/index.php?rest_route=\/wp\/v2\/types\/page"}],"author":[{"embeddable":true,"href":"https:\/\/odvetnistvo.net\/index.php?rest_route=\/wp\/v2\/users\/1"}],"replies":[{"embeddable":true,"href":"https:\/\/odvetnistvo.net\/index.php?rest_route=%2Fwp%2Fv2%2Fcomments&post=79"}],"version-history":[{"count":29,"href":"https:\/\/odvetnistvo.net\/index.php?rest_route=\/wp\/v2\/pages\/79\/revisions"}],"predecessor-version":[{"id":376,"href":"https:\/\/odvetnistvo.net\/index.php?rest_route=\/wp\/v2\/pages\/79\/revisions\/376"}],"wp:attachment":[{"href":"https:\/\/odvetnistvo.net\/index.php?rest_route=%2Fwp%2Fv2%2Fmedia&parent=79"}],"curies":[{"name":"wp","href":"https:\/\/api.w.org\/{rel}","templated":true}]}}