{"id":162,"date":"2023-11-27T10:56:07","date_gmt":"2023-11-27T10:56:07","guid":{"rendered":"https:\/\/test1.i-rose.si\/?page_id=162"},"modified":"2024-01-12T06:58:01","modified_gmt":"2024-01-12T06:58:01","slug":"dobrodosli","status":"publish","type":"page","link":"https:\/\/odvetnistvo.net\/","title":{"rendered":"Dobrodo\u0161li"},"content":{"rendered":"\t\t<div data-elementor-type=\"wp-page\" data-elementor-id=\"162\" class=\"elementor elementor-162\">\n\t\t\t\t\t\t\t<div class=\"elementor-element elementor-element-48b4cb8 e-flex e-con-boxed e-con e-parent\" data-id=\"48b4cb8\" data-element_type=\"container\" data-settings=\"{&quot;background_background&quot;:&quot;classic&quot;,&quot;content_width&quot;:&quot;boxed&quot;}\" data-core-v316-plus=\"true\">\n\t\t\t\t\t<div class=\"e-con-inner\">\n\t\t<div class=\"elementor-element elementor-element-a73f0d5 e-con-full e-flex e-con e-child\" data-id=\"a73f0d5\" data-element_type=\"container\" data-settings=\"{&quot;content_width&quot;:&quot;full&quot;}\">\n\t\t\t\t<div class=\"elementor-element elementor-element-66fa8b8 elementor-widget elementor-widget-heading\" data-id=\"66fa8b8\" data-element_type=\"widget\" data-widget_type=\"heading.default\">\n\t\t\t\t<div class=\"elementor-widget-container\">\n\t\t\t<style>\/*! elementor - v3.18.0 - 08-12-2023 *\/\n.elementor-heading-title{padding:0;margin:0;line-height:1}.elementor-widget-heading .elementor-heading-title[class*=elementor-size-]>a{color:inherit;font-size:inherit;line-height:inherit}.elementor-widget-heading .elementor-heading-title.elementor-size-small{font-size:15px}.elementor-widget-heading .elementor-heading-title.elementor-size-medium{font-size:19px}.elementor-widget-heading .elementor-heading-title.elementor-size-large{font-size:29px}.elementor-widget-heading .elementor-heading-title.elementor-size-xl{font-size:39px}.elementor-widget-heading .elementor-heading-title.elementor-size-xxl{font-size:59px}<\/style><h2 class=\"elementor-heading-title elementor-size-default\">\u0160\u010ditimo va\u0161e pravice in zagotavljamo pravne re\u0161itve<\/h2>\t\t<\/div>\n\t\t\t\t<\/div>\n\t\t\t\t<div class=\"elementor-element elementor-element-d49bae7 elementor-widget elementor-widget-text-editor\" data-id=\"d49bae7\" data-element_type=\"widget\" data-widget_type=\"text-editor.default\">\n\t\t\t\t<div class=\"elementor-widget-container\">\n\t\t\t<style>\/*! elementor - v3.18.0 - 08-12-2023 *\/\n.elementor-widget-text-editor.elementor-drop-cap-view-stacked .elementor-drop-cap{background-color:#69727d;color:#fff}.elementor-widget-text-editor.elementor-drop-cap-view-framed .elementor-drop-cap{color:#69727d;border:3px solid;background-color:transparent}.elementor-widget-text-editor:not(.elementor-drop-cap-view-default) .elementor-drop-cap{margin-top:8px}.elementor-widget-text-editor:not(.elementor-drop-cap-view-default) .elementor-drop-cap-letter{width:1em;height:1em}.elementor-widget-text-editor .elementor-drop-cap{float:left;text-align:center;line-height:1;font-size:50px}.elementor-widget-text-editor .elementor-drop-cap-letter{display:inline-block}<\/style>\t\t\t\t<p>Prijazno pozdravljeni,<\/p><p>i\u0161\u010dete kompetentnega in zanesljivega odvetnika?<\/p><p>Na\u0161a odvetni\u0161ka pisarna je specializirana, izku\u0161ena in prodorna na naslednjih podro\u010djih:<br \/>&#8211; uveljavljanje od\u0161kodnin in druge storitve v civilnem pravu; <br \/>&#8211; delovno in gospodarsko pravo; <br \/>&#8211; svetovanje na podro\u010dju upravnega prava in zastopanje v upravnih postopkih in sporih.<\/p><p>Brezpla\u010dno izpolnite kontaktni obrazec ali nas kontaktirajte na enega izmed objavljenih kontaktov.<\/p>\t\t\t\t\t\t<\/div>\n\t\t\t\t<\/div>\n\t\t\t\t<div class=\"elementor-element elementor-element-c5e3c7f elementor-align-center elementor-widget elementor-widget-button\" data-id=\"c5e3c7f\" data-element_type=\"widget\" data-widget_type=\"button.default\">\n\t\t\t\t<div class=\"elementor-widget-container\">\n\t\t\t\t\t<div class=\"elementor-button-wrapper\">\n\t\t\t<a class=\"elementor-button elementor-button-link elementor-size-sm\" href=\"https:\/\/odvetnistvo.net\/?page_id=122\">\n\t\t\t\t\t\t<span class=\"elementor-button-content-wrapper\">\n\t\t\t\t\t\t<span class=\"elementor-button-text\">Kontaktni obrazec<\/span>\n\t\t<\/span>\n\t\t\t\t\t<\/a>\n\t\t<\/div>\n\t\t\t\t<\/div>\n\t\t\t\t<\/div>\n\t\t\t\t<div class=\"elementor-element elementor-element-e665c73 elementor-widget elementor-widget-image\" data-id=\"e665c73\" data-element_type=\"widget\" data-widget_type=\"image.default\">\n\t\t\t\t<div class=\"elementor-widget-container\">\n\t\t\t<style>\/*! elementor - v3.18.0 - 08-12-2023 *\/\n.elementor-widget-image{text-align:center}.elementor-widget-image a{display:inline-block}.elementor-widget-image a img[src$=\".svg\"]{width:48px}.elementor-widget-image img{vertical-align:middle;display:inline-block}<\/style>\t\t\t\t\t\t\t\t\t\t\t\t<img fetchpriority=\"high\" decoding=\"async\" width=\"200\" height=\"300\" src=\"https:\/\/odvetnistvo.net\/wp-content\/uploads\/2023\/11\/stacks_image_129_1.png\" class=\"attachment-large size-large wp-image-38\" alt=\"\" \/>\t\t\t\t\t\t\t\t\t\t\t\t\t\t\t<\/div>\n\t\t\t\t<\/div>\n\t\t\t\t<\/div>\n\t\t<div class=\"elementor-element elementor-element-b21ace6 e-con-full e-flex e-con e-child\" data-id=\"b21ace6\" data-element_type=\"container\" data-settings=\"{&quot;content_width&quot;:&quot;full&quot;}\">\n\t\t\t\t<div class=\"elementor-element elementor-element-368e399 elementor-widget elementor-widget-text-editor\" data-id=\"368e399\" data-element_type=\"widget\" data-widget_type=\"text-editor.default\">\n\t\t\t\t<div class=\"elementor-widget-container\">\n\t\t\t\t\t\t\t<p><em><strong>\u00a0 Odvetnica Suzana Jude\u017e<\/strong><\/em><\/p>\t\t\t\t\t\t<\/div>\n\t\t\t\t<\/div>\n\t\t\t\t<div class=\"elementor-element elementor-element-cfb2a76 elementor-widget elementor-widget-text-editor\" data-id=\"cfb2a76\" data-element_type=\"widget\" data-widget_type=\"text-editor.default\">\n\t\t\t\t<div class=\"elementor-widget-container\">\n\t\t\t\t\t\t\t<p><strong>Naslov:<\/strong><br \/>Resslova ulica 5<br \/>8000 Novo mesto<\/p><p><strong>Odvetnici:<\/strong><br \/>Suzana Jude\u017e<br \/>Ana Kristina Poto\u010dnik<\/p><p><strong>Telefon:<\/strong><br \/>01 750 42 46<\/p><p><strong>Faks:<\/strong><br \/>01 755 79 70<\/p><p><strong>Mobilni:<\/strong><br \/>041 326 790<br \/>041 706 858<\/p><p><strong>E-po\u0161ta:<\/strong><br \/>info@odvetnistvo.net<\/p>\t\t\t\t\t\t<\/div>\n\t\t\t\t<\/div>\n\t\t\t\t<\/div>\n\t\t\t\t\t<\/div>\n\t\t\t\t<\/div>\n\t\t\t\t\t\t\t<\/div>\n\t\t","protected":false},"excerpt":{"rendered":"<p>\u0160\u010ditimo va\u0161e pravice in zagotavljamo pravne re\u0161itve Prijazno pozdravljeni, i\u0161\u010dete kompetentnega in zanesljivega odvetnika? Na\u0161a odvetni\u0161ka pisarna je specializirana, izku\u0161ena in prodorna na naslednjih podro\u010djih:&#8211; uveljavljanje od\u0161kodnin in druge storitve v civilnem pravu; &#8211; delovno in gospodarsko pravo; &#8211; svetovanje na podro\u010dju upravnega prava in zastopanje v upravnih postopkih in sporih. Brezpla\u010dno izpolnite kontaktni obrazec&hellip;&nbsp;<a href=\"https:\/\/odvetnistvo.net\/\" class=\"\" rel=\"bookmark\">Read More &raquo;<span class=\"screen-reader-text\">Dobrodo\u0161li<\/span><\/a><\/p>\n","protected":false},"author":1,"featured_media":0,"parent":0,"menu_order":0,"comment_status":"closed","ping_status":"closed","template":"","meta":{"neve_meta_sidebar":"","neve_meta_container":"","neve_meta_enable_content_width":"","neve_meta_content_width":0,"neve_meta_title_alignment":"","neve_meta_author_avatar":"","neve_post_elements_order":"","neve_meta_disable_header":"","neve_meta_disable_footer":"","neve_meta_disable_title":"","footnotes":""},"class_list":["post-162","page","type-page","status-publish","hentry"],"yoast_head":"<!-- This site is optimized with the Yoast SEO plugin v22.0 - https:\/\/yoast.com\/wordpress\/plugins\/seo\/ -->\n<title>Dobrodo\u0161li - Odvetnica Suzana Jude\u017e<\/title>\n<meta name=\"description\" content=\"Dobrodo\u0161li na spletni strani Odvetnice Suzane Jude\u017e, ki skupaj s svojo ekipo strokovno pomaga pri pravnih vpra\u0161anjih in dilemah.\" \/>\n<meta name=\"robots\" content=\"index, follow, max-snippet:-1, max-image-preview:large, max-video-preview:-1\" \/>\n<link rel=\"canonical\" href=\"https:\/\/odvetnistvo.net\/\" \/>\n<meta property=\"og:locale\" content=\"en_US\" \/>\n<meta property=\"og:type\" content=\"article\" \/>\n<meta property=\"og:title\" content=\"Dobrodo\u0161li - Odvetnica Suzana Jude\u017e\" \/>\n<meta property=\"og:description\" content=\"Dobrodo\u0161li na spletni strani Odvetnice Suzane Jude\u017e, ki skupaj s svojo ekipo strokovno pomaga pri pravnih vpra\u0161anjih in dilemah.\" \/>\n<meta property=\"og:url\" content=\"https:\/\/odvetnistvo.net\/\" \/>\n<meta property=\"og:site_name\" content=\"Odvetnica Suzana Jude\u017e\" \/>\n<meta property=\"article:modified_time\" content=\"2024-01-12T06:58:01+00:00\" \/>\n<meta property=\"og:image\" content=\"https:\/\/odvetnistvo.net\/wp-content\/uploads\/2023\/11\/stacks_image_129_1.png\" \/>\n<meta name=\"twitter:card\" content=\"summary_large_image\" \/>\n<meta name=\"twitter:label1\" content=\"Est. reading time\" \/>\n\t<meta name=\"twitter:data1\" content=\"1 minute\" \/>\n<script type=\"application\/ld+json\" class=\"yoast-schema-graph\">{\"@context\":\"https:\/\/schema.org\",\"@graph\":[{\"@type\":\"WebPage\",\"@id\":\"https:\/\/odvetnistvo.net\/\",\"url\":\"https:\/\/odvetnistvo.net\/\",\"name\":\"Dobrodo\u0161li - Odvetnica Suzana Jude\u017e\",\"isPartOf\":{\"@id\":\"https:\/\/odvetnistvo.net\/#website\"},\"datePublished\":\"2023-11-27T10:56:07+00:00\",\"dateModified\":\"2024-01-12T06:58:01+00:00\",\"description\":\"Dobrodo\u0161li na spletni strani Odvetnice Suzane Jude\u017e, ki skupaj s svojo ekipo strokovno pomaga pri pravnih vpra\u0161anjih in dilemah.\",\"breadcrumb\":{\"@id\":\"https:\/\/odvetnistvo.net\/#breadcrumb\"},\"inLanguage\":\"en-US\",\"potentialAction\":[{\"@type\":\"ReadAction\",\"target\":[\"https:\/\/odvetnistvo.net\/\"]}]},{\"@type\":\"BreadcrumbList\",\"@id\":\"https:\/\/odvetnistvo.net\/#breadcrumb\",\"itemListElement\":[{\"@type\":\"ListItem\",\"position\":1,\"name\":\"Home\",\"item\":\"https:\/\/odvetnistvo.net\/\"},{\"@type\":\"ListItem\",\"position\":2,\"name\":\"Dobrodo\u0161li\"}]},{\"@type\":\"WebSite\",\"@id\":\"https:\/\/odvetnistvo.net\/#website\",\"url\":\"https:\/\/odvetnistvo.net\/\",\"name\":\"Odvetnica Suzana Jude\u017e\",\"description\":\"www.odvetnistvo.net - celovitost, zaveza, rezultati\",\"potentialAction\":[{\"@type\":\"SearchAction\",\"target\":{\"@type\":\"EntryPoint\",\"urlTemplate\":\"https:\/\/odvetnistvo.net\/?s={search_term_string}\"},\"query-input\":\"required name=search_term_string\"}],\"inLanguage\":\"en-US\"}]}<\/script>\n<!-- \/ Yoast SEO plugin. -->","yoast_head_json":{"title":"Dobrodo\u0161li - Odvetnica Suzana Jude\u017e","description":"Dobrodo\u0161li na spletni strani Odvetnice Suzane Jude\u017e, ki skupaj s svojo ekipo strokovno pomaga pri pravnih vpra\u0161anjih in dilemah.","robots":{"index":"index","follow":"follow","max-snippet":"max-snippet:-1","max-image-preview":"max-image-preview:large","max-video-preview":"max-video-preview:-1"},"canonical":"https:\/\/odvetnistvo.net\/","og_locale":"en_US","og_type":"article","og_title":"Dobrodo\u0161li - Odvetnica Suzana Jude\u017e","og_description":"Dobrodo\u0161li na spletni strani Odvetnice Suzane Jude\u017e, ki skupaj s svojo ekipo strokovno pomaga pri pravnih vpra\u0161anjih in dilemah.","og_url":"https:\/\/odvetnistvo.net\/","og_site_name":"Odvetnica Suzana Jude\u017e","article_modified_time":"2024-01-12T06:58:01+00:00","og_image":[{"url":"https:\/\/odvetnistvo.net\/wp-content\/uploads\/2023\/11\/stacks_image_129_1.png"}],"twitter_card":"summary_large_image","twitter_misc":{"Est. reading time":"1 minute"},"schema":{"@context":"https:\/\/schema.org","@graph":[{"@type":"WebPage","@id":"https:\/\/odvetnistvo.net\/","url":"https:\/\/odvetnistvo.net\/","name":"Dobrodo\u0161li - Odvetnica Suzana Jude\u017e","isPartOf":{"@id":"https:\/\/odvetnistvo.net\/#website"},"datePublished":"2023-11-27T10:56:07+00:00","dateModified":"2024-01-12T06:58:01+00:00","description":"Dobrodo\u0161li na spletni strani Odvetnice Suzane Jude\u017e, ki skupaj s svojo ekipo strokovno pomaga pri pravnih vpra\u0161anjih in dilemah.","breadcrumb":{"@id":"https:\/\/odvetnistvo.net\/#breadcrumb"},"inLanguage":"en-US","potentialAction":[{"@type":"ReadAction","target":["https:\/\/odvetnistvo.net\/"]}]},{"@type":"BreadcrumbList","@id":"https:\/\/odvetnistvo.net\/#breadcrumb","itemListElement":[{"@type":"ListItem","position":1,"name":"Home","item":"https:\/\/odvetnistvo.net\/"},{"@type":"ListItem","position":2,"name":"Dobrodo\u0161li"}]},{"@type":"WebSite","@id":"https:\/\/odvetnistvo.net\/#website","url":"https:\/\/odvetnistvo.net\/","name":"Odvetnica Suzana Jude\u017e","description":"www.odvetnistvo.net - celovitost, zaveza, rezultati","potentialAction":[{"@type":"SearchAction","target":{"@type":"EntryPoint","urlTemplate":"https:\/\/odvetnistvo.net\/?s={search_term_string}"},"query-input":"required name=search_term_string"}],"inLanguage":"en-US"}]}},"_links":{"self":[{"href":"https:\/\/odvetnistvo.net\/index.php?rest_route=\/wp\/v2\/pages\/162","targetHints":{"allow":["GET"]}}],"collection":[{"href":"https:\/\/odvetnistvo.net\/index.php?rest_route=\/wp\/v2\/pages"}],"about":[{"href":"https:\/\/odvetnistvo.net\/index.php?rest_route=\/wp\/v2\/types\/page"}],"author":[{"embeddable":true,"href":"https:\/\/odvetnistvo.net\/index.php?rest_route=\/wp\/v2\/users\/1"}],"replies":[{"embeddable":true,"href":"https:\/\/odvetnistvo.net\/index.php?rest_route=%2Fwp%2Fv2%2Fcomments&post=162"}],"version-history":[{"count":64,"href":"https:\/\/odvetnistvo.net\/index.php?rest_route=\/wp\/v2\/pages\/162\/revisions"}],"predecessor-version":[{"id":424,"href":"https:\/\/odvetnistvo.net\/index.php?rest_route=\/wp\/v2\/pages\/162\/revisions\/424"}],"wp:attachment":[{"href":"https:\/\/odvetnistvo.net\/index.php?rest_route=%2Fwp%2Fv2%2Fmedia&parent=162"}],"curies":[{"name":"wp","href":"https:\/\/api.w.org\/{rel}","templated":true}]}}