{"id":122,"date":"2023-11-27T08:57:05","date_gmt":"2023-11-27T08:57:05","guid":{"rendered":"https:\/\/test1.i-rose.si\/?page_id=122"},"modified":"2024-01-12T07:18:00","modified_gmt":"2024-01-12T07:18:00","slug":"kontaktni-obrazec","status":"publish","type":"page","link":"https:\/\/odvetnistvo.net\/?page_id=122","title":{"rendered":"Kontaktni obrazec"},"content":{"rendered":"\t\t<div data-elementor-type=\"wp-page\" data-elementor-id=\"122\" class=\"elementor elementor-122\">\n\t\t\t\t\t\t\t<div class=\"elementor-element elementor-element-cb8b0b1 e-flex e-con-boxed e-con e-parent\" data-id=\"cb8b0b1\" data-element_type=\"container\" data-settings=\"{&quot;background_background&quot;:&quot;classic&quot;,&quot;content_width&quot;:&quot;boxed&quot;}\" data-core-v316-plus=\"true\">\n\t\t\t\t\t<div class=\"e-con-inner\">\n\t\t<div class=\"elementor-element elementor-element-f351d96 e-con-full e-flex e-con e-child\" data-id=\"f351d96\" data-element_type=\"container\" data-settings=\"{&quot;content_width&quot;:&quot;full&quot;}\">\n\t\t\t\t<div class=\"elementor-element elementor-element-834be7a elementor-widget elementor-widget-heading\" data-id=\"834be7a\" data-element_type=\"widget\" data-widget_type=\"heading.default\">\n\t\t\t\t<div class=\"elementor-widget-container\">\n\t\t\t<style>\/*! elementor - v3.18.0 - 08-12-2023 *\/\n.elementor-heading-title{padding:0;margin:0;line-height:1}.elementor-widget-heading .elementor-heading-title[class*=elementor-size-]>a{color:inherit;font-size:inherit;line-height:inherit}.elementor-widget-heading .elementor-heading-title.elementor-size-small{font-size:15px}.elementor-widget-heading .elementor-heading-title.elementor-size-medium{font-size:19px}.elementor-widget-heading .elementor-heading-title.elementor-size-large{font-size:29px}.elementor-widget-heading .elementor-heading-title.elementor-size-xl{font-size:39px}.elementor-widget-heading .elementor-heading-title.elementor-size-xxl{font-size:59px}<\/style><h2 class=\"elementor-heading-title elementor-size-default\">Kontaktni obrazec<\/h2>\t\t<\/div>\n\t\t\t\t<\/div>\n\t\t\t\t<div class=\"elementor-element elementor-element-d601d02 elementor-widget elementor-widget-text-editor\" data-id=\"d601d02\" data-element_type=\"widget\" data-widget_type=\"text-editor.default\">\n\t\t\t\t<div class=\"elementor-widget-container\">\n\t\t\t<style>\/*! elementor - v3.18.0 - 08-12-2023 *\/\n.elementor-widget-text-editor.elementor-drop-cap-view-stacked .elementor-drop-cap{background-color:#69727d;color:#fff}.elementor-widget-text-editor.elementor-drop-cap-view-framed .elementor-drop-cap{color:#69727d;border:3px solid;background-color:transparent}.elementor-widget-text-editor:not(.elementor-drop-cap-view-default) .elementor-drop-cap{margin-top:8px}.elementor-widget-text-editor:not(.elementor-drop-cap-view-default) .elementor-drop-cap-letter{width:1em;height:1em}.elementor-widget-text-editor .elementor-drop-cap{float:left;text-align:center;line-height:1;font-size:50px}.elementor-widget-text-editor .elementor-drop-cap-letter{display:inline-block}<\/style>\t\t\t\t<div class=\"forminator-ui forminator-custom-form forminator-custom-form-143 forminator-design--material  forminator_ajax\" data-forminator-render=\"0\" data-form=\"forminator-module-143\" data-uid=\"6a0a3653c7aa5\"><br\/><\/div><form\n\t\t\t\tid=\"forminator-module-143\"\n\t\t\t\tclass=\"forminator-ui forminator-custom-form forminator-custom-form-143 forminator-design--material  forminator_ajax\"\n\t\t\t\tmethod=\"post\"\n\t\t\t\tdata-forminator-render=\"0\"\n\t\t\t\tdata-form-id=\"143\"\n\t\t\t\t\n\t\t\t\tdata-design=\"material\"\n\t\t\t\t\n\t\t\t\t\n\t\t\t\t\n\t\t\t\tdata-grid=\"open\"\n\t\t\t\t\n\t\t\t\t\n\t\t\t\tstyle=\"display: none;\"\n\t\t\t\t\n\t\t\t\tdata-uid=\"6a0a3653c7aa5\"\n\t\t\t><div role=\"alert\" aria-live=\"polite\" class=\"forminator-response-message forminator-error\" aria-hidden=\"true\"><\/div><div class=\"forminator-row\"><div id=\"name-1\" class=\"forminator-field-name forminator-col forminator-col-12 \"><div class=\"forminator-field\"><label for=\"forminator-field-name-1_6a0a3653c7aa5\" id=\"forminator-field-name-1_6a0a3653c7aa5-label\" class=\"forminator-label\">Va\u0161e ime in priimek: <span class=\"forminator-required\">*<\/span><\/label><input type=\"text\" name=\"name-1\" value=\"\" placeholder=\"\" id=\"forminator-field-name-1_6a0a3653c7aa5\" class=\"forminator-input forminator-name--field\" aria-required=\"true\" \/><\/div><\/div><\/div><div class=\"forminator-row\"><div id=\"email-1\" class=\"forminator-field-email forminator-col forminator-col-12 \"><div class=\"forminator-field\"><label for=\"forminator-field-email-1_6a0a3653c7aa5\" id=\"forminator-field-email-1_6a0a3653c7aa5-label\" class=\"forminator-label\">Va\u0161a elektronska po\u0161ta: * <span class=\"forminator-required\">*<\/span><\/label><input type=\"email\" name=\"email-1\" value=\"\" placeholder=\"\" id=\"forminator-field-email-1_6a0a3653c7aa5\" class=\"forminator-input forminator-email--field\" data-required=\"1\" aria-required=\"true\" \/><\/div><\/div><\/div><div class=\"forminator-row\"><div id=\"phone-1\" class=\"forminator-field-phone forminator-col forminator-col-12 \"><div class=\"forminator-field\"><label for=\"forminator-field-phone-1_6a0a3653c7aa5\" id=\"forminator-field-phone-1_6a0a3653c7aa5-label\" class=\"forminator-label\">Kontaktna telefonska \u0161tevilka: <span class=\"forminator-required\">*<\/span><\/label><input type=\"text\" name=\"phone-1\" value=\"\" placeholder=\"\" id=\"forminator-field-phone-1_6a0a3653c7aa5\" class=\"forminator-input forminator-field--phone\" data-required=\"1\" aria-required=\"true\" autocomplete=\"off\" \/><\/div><\/div><\/div><div class=\"forminator-row\"><div id=\"text-1\" class=\"forminator-field-text forminator-col forminator-col-12 \"><div class=\"forminator-field\"><label for=\"forminator-field-text-1_6a0a3653c7aa5\" id=\"forminator-field-text-1_6a0a3653c7aa5-label\" class=\"forminator-label\">Zadeva: <span class=\"forminator-required\">*<\/span><\/label><input type=\"text\" name=\"text-1\" value=\"\" placeholder=\"\" id=\"forminator-field-text-1_6a0a3653c7aa5\" class=\"forminator-input forminator-name--field\" data-required=\"1\" \/><\/div><\/div><\/div><div class=\"forminator-row\"><div id=\"textarea-1\" class=\"forminator-field-textarea forminator-col forminator-col-12 \"><div class=\"forminator-field\"><label for=\"forminator-field-textarea-1_6a0a3653c7aa5\" id=\"forminator-field-textarea-1_6a0a3653c7aa5-label\" class=\"forminator-label\">Va\u0161e sporo\u010dilo <span class=\"forminator-required\">*<\/span><\/label><textarea name=\"textarea-1\" placeholder=\"\" id=\"forminator-field-textarea-1_6a0a3653c7aa5\" class=\"forminator-textarea\" rows=\"6\" style=\"min-height:140px;\" maxlength=\"180\" ><\/textarea><span id=\"forminator-field-textarea-1_6a0a3653c7aa5-description\" class=\"forminator-description\"><span data-limit=\"180\" data-type=\"characters\">0 \/ 180<\/span><\/span><\/div><\/div><\/div><input type=\"hidden\" name=\"referer_url\" value=\"\" \/><div class=\"forminator-row forminator-row-last\"><div class=\"forminator-col\"><div class=\"forminator-field\"><button class=\"forminator-button forminator-button-submit\"><span>Po&scaron;lji sporo\u010dilo<\/span><span aria-hidden=\"true\"><\/span><\/button><\/div><\/div><\/div><input type=\"hidden\" id=\"forminator_nonce\" name=\"forminator_nonce\" value=\"4b8329532b\" \/><input type=\"hidden\" name=\"_wp_http_referer\" value=\"\/index.php?rest_route=%2Fwp%2Fv2%2Fpages%2F122\" \/><input type=\"hidden\" name=\"form_id\" value=\"143\"><input type=\"hidden\" name=\"page_id\" value=\"122\"><input type=\"hidden\" name=\"form_type\" value=\"default\"><input type=\"hidden\" name=\"current_url\" value=\"https:\/\/odvetnistvo.net\/?page_id=122\"><input type=\"hidden\" name=\"render_id\" value=\"0\"><input type=\"hidden\" name=\"action\" value=\"forminator_submit_form_custom-forms\"><\/form><p>\u00a0<\/p>\t\t\t\t\t\t<\/div>\n\t\t\t\t<\/div>\n\t\t\t\t<\/div>\n\t\t<div class=\"elementor-element elementor-element-fa01ae1 e-con-full e-flex e-con e-child\" data-id=\"fa01ae1\" data-element_type=\"container\" data-settings=\"{&quot;content_width&quot;:&quot;full&quot;}\">\n\t\t\t\t<div class=\"elementor-element elementor-element-bdd4931 elementor-widget elementor-widget-text-editor\" data-id=\"bdd4931\" data-element_type=\"widget\" data-widget_type=\"text-editor.default\">\n\t\t\t\t<div class=\"elementor-widget-container\">\n\t\t\t\t\t\t\t<p><em><strong>\u00a0 Odvetnica Suzana Jude\u017e<\/strong><\/em><\/p>\t\t\t\t\t\t<\/div>\n\t\t\t\t<\/div>\n\t\t\t\t<div class=\"elementor-element elementor-element-d2483c1 elementor-widget elementor-widget-text-editor\" data-id=\"d2483c1\" data-element_type=\"widget\" data-widget_type=\"text-editor.default\">\n\t\t\t\t<div class=\"elementor-widget-container\">\n\t\t\t\t\t\t\t<p><strong>Naslov:<\/strong><br \/>Resslova ulica 5<br \/>8000 Novo mesto<\/p><p><strong>Odvetnici:<\/strong><br \/>Suzana Jude\u017e<br \/>Ana Kristina Poto\u010dnik<\/p><p><strong>Telefon:<\/strong><br \/>01 750 42 46<\/p><p><strong>Faks:<\/strong><br \/>01 755 79 70<\/p><p><strong>Mobilni:<\/strong><br \/>041 326 790<br \/>041 706 858<\/p><p><strong>E-po\u0161ta:<\/strong><br \/>info@odvetnistvo.net<\/p>\t\t\t\t\t\t<\/div>\n\t\t\t\t<\/div>\n\t\t\t\t<\/div>\n\t\t\t\t\t<\/div>\n\t\t\t\t<\/div>\n\t\t<div class=\"elementor-element elementor-element-781dc90 e-flex e-con-boxed e-con e-parent\" data-id=\"781dc90\" data-element_type=\"container\" data-settings=\"{&quot;background_background&quot;:&quot;classic&quot;,&quot;content_width&quot;:&quot;boxed&quot;}\" data-core-v316-plus=\"true\">\n\t\t\t\t\t<div class=\"e-con-inner\">\n\t\t\t\t\t<\/div>\n\t\t\t\t<\/div>\n\t\t\t\t\t\t\t<\/div>\n\t\t","protected":false},"excerpt":{"rendered":"<p>Kontaktni obrazec \u00a0 \u00a0 Odvetnica Suzana Jude\u017e Naslov:Resslova ulica 58000 Novo mesto Odvetnici:Suzana Jude\u017eAna Kristina Poto\u010dnik Telefon:01 750 42 46 Faks:01 755 79 70 Mobilni:041 326 790041 706 858 E-po\u0161ta:info@odvetnistvo.net<\/p>\n","protected":false},"author":1,"featured_media":0,"parent":0,"menu_order":0,"comment_status":"closed","ping_status":"closed","template":"","meta":{"neve_meta_sidebar":"","neve_meta_container":"","neve_meta_enable_content_width":"","neve_meta_content_width":0,"neve_meta_title_alignment":"","neve_meta_author_avatar":"","neve_post_elements_order":"","neve_meta_disable_header":"","neve_meta_disable_footer":"","neve_meta_disable_title":"","footnotes":""},"class_list":["post-122","page","type-page","status-publish","hentry"],"yoast_head":"<!-- This site is optimized with the Yoast SEO plugin v22.0 - https:\/\/yoast.com\/wordpress\/plugins\/seo\/ -->\n<title>Kontaktni obrazec - Odvetnica Suzana Jude\u017e<\/title>\n<meta name=\"description\" content=\"Brezpla\u010dno izpolnite kontaktni obrazec ali nas kontaktirajte na enega izmed kontaktov objavljenih na spletni strani.\" \/>\n<meta name=\"robots\" content=\"index, follow, max-snippet:-1, max-image-preview:large, max-video-preview:-1\" \/>\n<link rel=\"canonical\" href=\"https:\/\/odvetnistvo.net\/?page_id=122\" \/>\n<meta property=\"og:locale\" content=\"en_US\" \/>\n<meta property=\"og:type\" content=\"article\" \/>\n<meta property=\"og:title\" content=\"Kontaktni obrazec - Odvetnica Suzana Jude\u017e\" \/>\n<meta property=\"og:description\" content=\"Brezpla\u010dno izpolnite kontaktni obrazec ali nas kontaktirajte na enega izmed kontaktov objavljenih na spletni strani.\" \/>\n<meta property=\"og:url\" content=\"https:\/\/odvetnistvo.net\/?page_id=122\" \/>\n<meta property=\"og:site_name\" content=\"Odvetnica Suzana Jude\u017e\" \/>\n<meta property=\"article:modified_time\" content=\"2024-01-12T07:18:00+00:00\" \/>\n<meta name=\"twitter:card\" content=\"summary_large_image\" \/>\n<meta name=\"twitter:label1\" content=\"Est. reading time\" \/>\n\t<meta name=\"twitter:data1\" content=\"1 minute\" \/>\n<script type=\"application\/ld+json\" class=\"yoast-schema-graph\">{\"@context\":\"https:\/\/schema.org\",\"@graph\":[{\"@type\":\"WebPage\",\"@id\":\"https:\/\/odvetnistvo.net\/?page_id=122\",\"url\":\"https:\/\/odvetnistvo.net\/?page_id=122\",\"name\":\"Kontaktni obrazec - Odvetnica Suzana Jude\u017e\",\"isPartOf\":{\"@id\":\"https:\/\/odvetnistvo.net\/#website\"},\"datePublished\":\"2023-11-27T08:57:05+00:00\",\"dateModified\":\"2024-01-12T07:18:00+00:00\",\"description\":\"Brezpla\u010dno izpolnite kontaktni obrazec ali nas kontaktirajte na enega izmed kontaktov objavljenih na spletni strani.\",\"breadcrumb\":{\"@id\":\"https:\/\/odvetnistvo.net\/?page_id=122#breadcrumb\"},\"inLanguage\":\"en-US\",\"potentialAction\":[{\"@type\":\"ReadAction\",\"target\":[\"https:\/\/odvetnistvo.net\/?page_id=122\"]}]},{\"@type\":\"BreadcrumbList\",\"@id\":\"https:\/\/odvetnistvo.net\/?page_id=122#breadcrumb\",\"itemListElement\":[{\"@type\":\"ListItem\",\"position\":1,\"name\":\"Home\",\"item\":\"https:\/\/odvetnistvo.net\/\"},{\"@type\":\"ListItem\",\"position\":2,\"name\":\"Kontaktni obrazec\"}]},{\"@type\":\"WebSite\",\"@id\":\"https:\/\/odvetnistvo.net\/#website\",\"url\":\"https:\/\/odvetnistvo.net\/\",\"name\":\"Odvetnica Suzana Jude\u017e\",\"description\":\"www.odvetnistvo.net - celovitost, zaveza, rezultati\",\"potentialAction\":[{\"@type\":\"SearchAction\",\"target\":{\"@type\":\"EntryPoint\",\"urlTemplate\":\"https:\/\/odvetnistvo.net\/?s={search_term_string}\"},\"query-input\":\"required name=search_term_string\"}],\"inLanguage\":\"en-US\"}]}<\/script>\n<!-- \/ Yoast SEO plugin. -->","yoast_head_json":{"title":"Kontaktni obrazec - Odvetnica Suzana Jude\u017e","description":"Brezpla\u010dno izpolnite kontaktni obrazec ali nas kontaktirajte na enega izmed kontaktov objavljenih na spletni strani.","robots":{"index":"index","follow":"follow","max-snippet":"max-snippet:-1","max-image-preview":"max-image-preview:large","max-video-preview":"max-video-preview:-1"},"canonical":"https:\/\/odvetnistvo.net\/?page_id=122","og_locale":"en_US","og_type":"article","og_title":"Kontaktni obrazec - Odvetnica Suzana Jude\u017e","og_description":"Brezpla\u010dno izpolnite kontaktni obrazec ali nas kontaktirajte na enega izmed kontaktov objavljenih na spletni strani.","og_url":"https:\/\/odvetnistvo.net\/?page_id=122","og_site_name":"Odvetnica Suzana Jude\u017e","article_modified_time":"2024-01-12T07:18:00+00:00","twitter_card":"summary_large_image","twitter_misc":{"Est. reading time":"1 minute"},"schema":{"@context":"https:\/\/schema.org","@graph":[{"@type":"WebPage","@id":"https:\/\/odvetnistvo.net\/?page_id=122","url":"https:\/\/odvetnistvo.net\/?page_id=122","name":"Kontaktni obrazec - Odvetnica Suzana Jude\u017e","isPartOf":{"@id":"https:\/\/odvetnistvo.net\/#website"},"datePublished":"2023-11-27T08:57:05+00:00","dateModified":"2024-01-12T07:18:00+00:00","description":"Brezpla\u010dno izpolnite kontaktni obrazec ali nas kontaktirajte na enega izmed kontaktov objavljenih na spletni strani.","breadcrumb":{"@id":"https:\/\/odvetnistvo.net\/?page_id=122#breadcrumb"},"inLanguage":"en-US","potentialAction":[{"@type":"ReadAction","target":["https:\/\/odvetnistvo.net\/?page_id=122"]}]},{"@type":"BreadcrumbList","@id":"https:\/\/odvetnistvo.net\/?page_id=122#breadcrumb","itemListElement":[{"@type":"ListItem","position":1,"name":"Home","item":"https:\/\/odvetnistvo.net\/"},{"@type":"ListItem","position":2,"name":"Kontaktni obrazec"}]},{"@type":"WebSite","@id":"https:\/\/odvetnistvo.net\/#website","url":"https:\/\/odvetnistvo.net\/","name":"Odvetnica Suzana Jude\u017e","description":"www.odvetnistvo.net - celovitost, zaveza, rezultati","potentialAction":[{"@type":"SearchAction","target":{"@type":"EntryPoint","urlTemplate":"https:\/\/odvetnistvo.net\/?s={search_term_string}"},"query-input":"required name=search_term_string"}],"inLanguage":"en-US"}]}},"_links":{"self":[{"href":"https:\/\/odvetnistvo.net\/index.php?rest_route=\/wp\/v2\/pages\/122","targetHints":{"allow":["GET"]}}],"collection":[{"href":"https:\/\/odvetnistvo.net\/index.php?rest_route=\/wp\/v2\/pages"}],"about":[{"href":"https:\/\/odvetnistvo.net\/index.php?rest_route=\/wp\/v2\/types\/page"}],"author":[{"embeddable":true,"href":"https:\/\/odvetnistvo.net\/index.php?rest_route=\/wp\/v2\/users\/1"}],"replies":[{"embeddable":true,"href":"https:\/\/odvetnistvo.net\/index.php?rest_route=%2Fwp%2Fv2%2Fcomments&post=122"}],"version-history":[{"count":22,"href":"https:\/\/odvetnistvo.net\/index.php?rest_route=\/wp\/v2\/pages\/122\/revisions"}],"predecessor-version":[{"id":428,"href":"https:\/\/odvetnistvo.net\/index.php?rest_route=\/wp\/v2\/pages\/122\/revisions\/428"}],"wp:attachment":[{"href":"https:\/\/odvetnistvo.net\/index.php?rest_route=%2Fwp%2Fv2%2Fmedia&parent=122"}],"curies":[{"name":"wp","href":"https:\/\/api.w.org\/{rel}","templated":true}]}}