{"id":115,"date":"2023-11-27T08:53:09","date_gmt":"2023-11-27T08:53:09","guid":{"rendered":"https:\/\/test1.i-rose.si\/?page_id=115"},"modified":"2024-01-11T09:56:11","modified_gmt":"2024-01-11T09:56:11","slug":"odvetnici","status":"publish","type":"page","link":"https:\/\/odvetnistvo.net\/?page_id=115","title":{"rendered":"Odvetnici"},"content":{"rendered":"\t\t<div data-elementor-type=\"wp-page\" data-elementor-id=\"115\" class=\"elementor elementor-115\">\n\t\t\t\t\t\t\t<div class=\"elementor-element elementor-element-4c4282d e-flex e-con-boxed e-con e-parent\" data-id=\"4c4282d\" data-element_type=\"container\" data-settings=\"{&quot;background_background&quot;:&quot;classic&quot;,&quot;content_width&quot;:&quot;boxed&quot;}\" data-core-v316-plus=\"true\">\n\t\t\t\t\t<div class=\"e-con-inner\">\n\t\t<div class=\"elementor-element elementor-element-e982598 e-con-full e-flex e-con e-child\" data-id=\"e982598\" data-element_type=\"container\" data-settings=\"{&quot;content_width&quot;:&quot;full&quot;}\">\n\t\t\t\t<div class=\"elementor-element elementor-element-03075e4 elementor-widget__width-initial elementor-widget elementor-widget-image\" data-id=\"03075e4\" data-element_type=\"widget\" data-widget_type=\"image.default\">\n\t\t\t\t<div class=\"elementor-widget-container\">\n\t\t\t<style>\/*! elementor - v3.18.0 - 08-12-2023 *\/\n.elementor-widget-image{text-align:center}.elementor-widget-image a{display:inline-block}.elementor-widget-image a img[src$=\".svg\"]{width:48px}.elementor-widget-image img{vertical-align:middle;display:inline-block}<\/style>\t\t\t\t\t\t\t\t\t\t\t\t<img fetchpriority=\"high\" decoding=\"async\" width=\"2076\" height=\"2560\" src=\"https:\/\/odvetnistvo.net\/wp-content\/uploads\/2023\/12\/za-slpletno-stran-suzana-scaled.jpg\" class=\"attachment-full size-full wp-image-262\" alt=\"\" srcset=\"https:\/\/odvetnistvo.net\/wp-content\/uploads\/2023\/12\/za-slpletno-stran-suzana-scaled.jpg 2076w, https:\/\/odvetnistvo.net\/wp-content\/uploads\/2023\/12\/za-slpletno-stran-suzana-243x300.jpg 243w, https:\/\/odvetnistvo.net\/wp-content\/uploads\/2023\/12\/za-slpletno-stran-suzana-830x1024.jpg 830w, https:\/\/odvetnistvo.net\/wp-content\/uploads\/2023\/12\/za-slpletno-stran-suzana-768x947.jpg 768w, https:\/\/odvetnistvo.net\/wp-content\/uploads\/2023\/12\/za-slpletno-stran-suzana-1245x1536.jpg 1245w, https:\/\/odvetnistvo.net\/wp-content\/uploads\/2023\/12\/za-slpletno-stran-suzana-1660x2048.jpg 1660w, https:\/\/odvetnistvo.net\/wp-content\/uploads\/2023\/12\/za-slpletno-stran-suzana-1140x1406.jpg 1140w\" sizes=\"(max-width: 2076px) 100vw, 2076px\" \/>\t\t\t\t\t\t\t\t\t\t\t\t\t\t\t<\/div>\n\t\t\t\t<\/div>\n\t\t\t\t<div class=\"elementor-element elementor-element-798c905 elementor-widget elementor-widget-spacer\" data-id=\"798c905\" data-element_type=\"widget\" data-widget_type=\"spacer.default\">\n\t\t\t\t<div class=\"elementor-widget-container\">\n\t\t\t<style>\/*! elementor - v3.18.0 - 08-12-2023 *\/\n.elementor-column .elementor-spacer-inner{height:var(--spacer-size)}.e-con{--container-widget-width:100%}.e-con-inner>.elementor-widget-spacer,.e-con>.elementor-widget-spacer{width:var(--container-widget-width,var(--spacer-size));--align-self:var(--container-widget-align-self,initial);--flex-shrink:0}.e-con-inner>.elementor-widget-spacer>.elementor-widget-container,.e-con>.elementor-widget-spacer>.elementor-widget-container{height:100%;width:100%}.e-con-inner>.elementor-widget-spacer>.elementor-widget-container>.elementor-spacer,.e-con>.elementor-widget-spacer>.elementor-widget-container>.elementor-spacer{height:100%}.e-con-inner>.elementor-widget-spacer>.elementor-widget-container>.elementor-spacer>.elementor-spacer-inner,.e-con>.elementor-widget-spacer>.elementor-widget-container>.elementor-spacer>.elementor-spacer-inner{height:var(--container-widget-height,var(--spacer-size))}.e-con-inner>.elementor-widget-spacer.elementor-widget-empty,.e-con>.elementor-widget-spacer.elementor-widget-empty{position:relative;min-height:22px;min-width:22px}.e-con-inner>.elementor-widget-spacer.elementor-widget-empty .elementor-widget-empty-icon,.e-con>.elementor-widget-spacer.elementor-widget-empty .elementor-widget-empty-icon{position:absolute;top:0;bottom:0;left:0;right:0;margin:auto;padding:0;width:22px;height:22px}<\/style>\t\t<div class=\"elementor-spacer\">\n\t\t\t<div class=\"elementor-spacer-inner\"><\/div>\n\t\t<\/div>\n\t\t\t\t<\/div>\n\t\t\t\t<\/div>\n\t\t\t\t<div class=\"elementor-element elementor-element-a5b9e18 elementor-widget__width-initial elementor-widget elementor-widget-image\" data-id=\"a5b9e18\" data-element_type=\"widget\" data-widget_type=\"image.default\">\n\t\t\t\t<div class=\"elementor-widget-container\">\n\t\t\t\t\t\t\t\t\t\t\t\t\t\t\t<img decoding=\"async\" width=\"2076\" height=\"2560\" src=\"https:\/\/odvetnistvo.net\/wp-content\/uploads\/2023\/12\/za-spletno-stran-kristina1-scaled.jpg\" class=\"attachment-full size-full wp-image-264\" alt=\"\" srcset=\"https:\/\/odvetnistvo.net\/wp-content\/uploads\/2023\/12\/za-spletno-stran-kristina1-scaled.jpg 2076w, https:\/\/odvetnistvo.net\/wp-content\/uploads\/2023\/12\/za-spletno-stran-kristina1-243x300.jpg 243w, https:\/\/odvetnistvo.net\/wp-content\/uploads\/2023\/12\/za-spletno-stran-kristina1-830x1024.jpg 830w, https:\/\/odvetnistvo.net\/wp-content\/uploads\/2023\/12\/za-spletno-stran-kristina1-768x947.jpg 768w, https:\/\/odvetnistvo.net\/wp-content\/uploads\/2023\/12\/za-spletno-stran-kristina1-1245x1536.jpg 1245w, https:\/\/odvetnistvo.net\/wp-content\/uploads\/2023\/12\/za-spletno-stran-kristina1-1660x2048.jpg 1660w, https:\/\/odvetnistvo.net\/wp-content\/uploads\/2023\/12\/za-spletno-stran-kristina1-1140x1406.jpg 1140w\" sizes=\"(max-width: 2076px) 100vw, 2076px\" \/>\t\t\t\t\t\t\t\t\t\t\t\t\t\t\t<\/div>\n\t\t\t\t<\/div>\n\t\t\t\t<\/div>\n\t\t<div class=\"elementor-element elementor-element-de2053a e-con-full e-flex e-con e-child\" data-id=\"de2053a\" data-element_type=\"container\" data-settings=\"{&quot;content_width&quot;:&quot;full&quot;}\">\n\t\t\t\t<div class=\"elementor-element elementor-element-c9ff39e elementor-widget elementor-widget-heading\" data-id=\"c9ff39e\" data-element_type=\"widget\" data-widget_type=\"heading.default\">\n\t\t\t\t<div class=\"elementor-widget-container\">\n\t\t\t<style>\/*! elementor - v3.18.0 - 08-12-2023 *\/\n.elementor-heading-title{padding:0;margin:0;line-height:1}.elementor-widget-heading .elementor-heading-title[class*=elementor-size-]>a{color:inherit;font-size:inherit;line-height:inherit}.elementor-widget-heading .elementor-heading-title.elementor-size-small{font-size:15px}.elementor-widget-heading .elementor-heading-title.elementor-size-medium{font-size:19px}.elementor-widget-heading .elementor-heading-title.elementor-size-large{font-size:29px}.elementor-widget-heading .elementor-heading-title.elementor-size-xl{font-size:39px}.elementor-widget-heading .elementor-heading-title.elementor-size-xxl{font-size:59px}<\/style><h2 class=\"elementor-heading-title elementor-size-default\">Suzana Jude\u017e<\/h2>\t\t<\/div>\n\t\t\t\t<\/div>\n\t\t\t\t<div class=\"elementor-element elementor-element-1b03168 elementor-widget elementor-widget-text-editor\" data-id=\"1b03168\" data-element_type=\"widget\" data-widget_type=\"text-editor.default\">\n\t\t\t\t<div class=\"elementor-widget-container\">\n\t\t\t<style>\/*! elementor - v3.18.0 - 08-12-2023 *\/\n.elementor-widget-text-editor.elementor-drop-cap-view-stacked .elementor-drop-cap{background-color:#69727d;color:#fff}.elementor-widget-text-editor.elementor-drop-cap-view-framed .elementor-drop-cap{color:#69727d;border:3px solid;background-color:transparent}.elementor-widget-text-editor:not(.elementor-drop-cap-view-default) .elementor-drop-cap{margin-top:8px}.elementor-widget-text-editor:not(.elementor-drop-cap-view-default) .elementor-drop-cap-letter{width:1em;height:1em}.elementor-widget-text-editor .elementor-drop-cap{float:left;text-align:center;line-height:1;font-size:50px}.elementor-widget-text-editor .elementor-drop-cap-letter{display:inline-block}<\/style>\t\t\t\t<p>Odvetnica Suzana Jude\u017e je diplomirala na Pravni fakulteti, Univerze v Ljubljani, leta 1993. Svojo poklicno pot je pri\u010dela v javni upravi, nadaljevala pa v sodstvu in nato v gospodarstvu. Leta 2005 je odprla samostojno odvetni\u0161ko pisarno na Vrhniki, kjer je delovala do leta 2022, ko je pisarno preselila v Novo mesto, na naslov Resslova ulica 5, kjer nudi odvetni\u0161ke storitve za stranke iz Slovenije in tujine.<\/p>\t\t\t\t\t\t<\/div>\n\t\t\t\t<\/div>\n\t\t\t\t<div class=\"elementor-element elementor-element-6f1ccb2 elementor-widget elementor-widget-heading\" data-id=\"6f1ccb2\" data-element_type=\"widget\" data-widget_type=\"heading.default\">\n\t\t\t\t<div class=\"elementor-widget-container\">\n\t\t\t<h2 class=\"elementor-heading-title elementor-size-default\">Ana Kristina Poto\u010dnik<\/h2>\t\t<\/div>\n\t\t\t\t<\/div>\n\t\t\t\t<div class=\"elementor-element elementor-element-53f3093 elementor-widget elementor-widget-text-editor\" data-id=\"53f3093\" data-element_type=\"widget\" data-widget_type=\"text-editor.default\">\n\t\t\t\t<div class=\"elementor-widget-container\">\n\t\t\t\t\t\t\t<p>Odvetnica Ana Kristina Poto\u010dnik je diplomirala leta 2005 in se zaposlila v odvetni\u0161ki pisarni najprej kot pripravnica, nato je nadaljevala delo kot odvetni\u0161ka kandidatka, od leta 2012 pa kot odvetnica.\u00a0<\/p>\t\t\t\t\t\t<\/div>\n\t\t\t\t<\/div>\n\t\t\t\t<\/div>\n\t\t<div class=\"elementor-element elementor-element-75aaf67 e-con-full e-flex e-con e-child\" data-id=\"75aaf67\" data-element_type=\"container\" data-settings=\"{&quot;content_width&quot;:&quot;full&quot;}\">\n\t\t\t\t<div class=\"elementor-element elementor-element-8d0c656 elementor-widget elementor-widget-text-editor\" data-id=\"8d0c656\" data-element_type=\"widget\" data-widget_type=\"text-editor.default\">\n\t\t\t\t<div class=\"elementor-widget-container\">\n\t\t\t\t\t\t\t<p><em><strong>\u00a0 Odvetnica Suzana Jude\u017e<\/strong><\/em><\/p>\t\t\t\t\t\t<\/div>\n\t\t\t\t<\/div>\n\t\t\t\t<div class=\"elementor-element elementor-element-7fc36ea elementor-widget elementor-widget-text-editor\" data-id=\"7fc36ea\" data-element_type=\"widget\" data-widget_type=\"text-editor.default\">\n\t\t\t\t<div class=\"elementor-widget-container\">\n\t\t\t\t\t\t\t<p><strong>Naslov:<\/strong><br \/>Resslova ulica 5<br \/>8000 Novo mesto<\/p><p><strong>Odvetnici:<\/strong><br \/>Suzana Jude\u017e<br \/>Ana Kristina Poto\u010dnik<\/p><p><strong>Telefon:<\/strong><br \/>01 750 42 46<\/p><p><strong>Faks:<\/strong><br \/>01 755 79 70<\/p><p><strong>Mobilni:<\/strong><br \/>041 326 790<br \/>041 706 858<\/p><p><strong>E-po\u0161ta:<\/strong><br \/>info@odvetnistvo.net<\/p>\t\t\t\t\t\t<\/div>\n\t\t\t\t<\/div>\n\t\t\t\t<\/div>\n\t\t\t\t\t<\/div>\n\t\t\t\t<\/div>\n\t\t\t\t\t\t\t<\/div>\n\t\t","protected":false},"excerpt":{"rendered":"<p>Suzana Jude\u017e Odvetnica Suzana Jude\u017e je diplomirala na Pravni fakulteti, Univerze v Ljubljani, leta 1993. Svojo poklicno pot je pri\u010dela v javni upravi, nadaljevala pa v sodstvu in nato v gospodarstvu. Leta 2005 je odprla samostojno odvetni\u0161ko pisarno na Vrhniki, kjer je delovala do leta 2022, ko je pisarno preselila v Novo mesto, na naslov&hellip;&nbsp;<a href=\"https:\/\/odvetnistvo.net\/?page_id=115\" class=\"\" rel=\"bookmark\">Read More &raquo;<span class=\"screen-reader-text\">Odvetnici<\/span><\/a><\/p>\n","protected":false},"author":1,"featured_media":0,"parent":0,"menu_order":0,"comment_status":"closed","ping_status":"closed","template":"","meta":{"neve_meta_sidebar":"","neve_meta_container":"","neve_meta_enable_content_width":"","neve_meta_content_width":0,"neve_meta_title_alignment":"","neve_meta_author_avatar":"","neve_post_elements_order":"","neve_meta_disable_header":"","neve_meta_disable_footer":"","neve_meta_disable_title":"","footnotes":""},"class_list":["post-115","page","type-page","status-publish","hentry"],"yoast_head":"<!-- This site is optimized with the Yoast SEO plugin v22.0 - https:\/\/yoast.com\/wordpress\/plugins\/seo\/ -->\n<title>Odvetnici - Odvetnica Suzana Jude\u017e<\/title>\n<meta name=\"description\" content=\"Odvetnici, ki zastopata odvetni\u0161ko pisarno sta Suzana Jude\u017e in Ana Kristina Poto\u010dnik. Odvetnici strokovno pokrivata \u0161irok spekter prava.\" \/>\n<meta name=\"robots\" content=\"index, follow, max-snippet:-1, max-image-preview:large, max-video-preview:-1\" \/>\n<link rel=\"canonical\" href=\"https:\/\/odvetnistvo.net\/?page_id=115\" \/>\n<meta property=\"og:locale\" content=\"en_US\" \/>\n<meta property=\"og:type\" content=\"article\" \/>\n<meta property=\"og:title\" content=\"Odvetnici - Odvetnica Suzana Jude\u017e\" \/>\n<meta property=\"og:description\" content=\"Odvetnici, ki zastopata odvetni\u0161ko pisarno sta Suzana Jude\u017e in Ana Kristina Poto\u010dnik. Odvetnici strokovno pokrivata \u0161irok spekter prava.\" \/>\n<meta property=\"og:url\" content=\"https:\/\/odvetnistvo.net\/?page_id=115\" \/>\n<meta property=\"og:site_name\" content=\"Odvetnica Suzana Jude\u017e\" \/>\n<meta property=\"article:modified_time\" content=\"2024-01-11T09:56:11+00:00\" \/>\n<meta property=\"og:image\" content=\"https:\/\/odvetnistvo.net\/wp-content\/uploads\/2023\/12\/za-slpletno-stran-suzana-scaled.jpg\" \/>\n<meta name=\"twitter:card\" content=\"summary_large_image\" \/>\n<meta name=\"twitter:label1\" content=\"Est. reading time\" \/>\n\t<meta name=\"twitter:data1\" content=\"1 minute\" \/>\n<script type=\"application\/ld+json\" class=\"yoast-schema-graph\">{\"@context\":\"https:\/\/schema.org\",\"@graph\":[{\"@type\":\"WebPage\",\"@id\":\"https:\/\/odvetnistvo.net\/?page_id=115\",\"url\":\"https:\/\/odvetnistvo.net\/?page_id=115\",\"name\":\"Odvetnici - Odvetnica Suzana Jude\u017e\",\"isPartOf\":{\"@id\":\"https:\/\/odvetnistvo.net\/#website\"},\"datePublished\":\"2023-11-27T08:53:09+00:00\",\"dateModified\":\"2024-01-11T09:56:11+00:00\",\"description\":\"Odvetnici, ki zastopata odvetni\u0161ko pisarno sta Suzana Jude\u017e in Ana Kristina Poto\u010dnik. Odvetnici strokovno pokrivata \u0161irok spekter prava.\",\"breadcrumb\":{\"@id\":\"https:\/\/odvetnistvo.net\/?page_id=115#breadcrumb\"},\"inLanguage\":\"en-US\",\"potentialAction\":[{\"@type\":\"ReadAction\",\"target\":[\"https:\/\/odvetnistvo.net\/?page_id=115\"]}]},{\"@type\":\"BreadcrumbList\",\"@id\":\"https:\/\/odvetnistvo.net\/?page_id=115#breadcrumb\",\"itemListElement\":[{\"@type\":\"ListItem\",\"position\":1,\"name\":\"Home\",\"item\":\"https:\/\/odvetnistvo.net\/\"},{\"@type\":\"ListItem\",\"position\":2,\"name\":\"Odvetnici\"}]},{\"@type\":\"WebSite\",\"@id\":\"https:\/\/odvetnistvo.net\/#website\",\"url\":\"https:\/\/odvetnistvo.net\/\",\"name\":\"Odvetnica Suzana Jude\u017e\",\"description\":\"www.odvetnistvo.net - celovitost, zaveza, rezultati\",\"potentialAction\":[{\"@type\":\"SearchAction\",\"target\":{\"@type\":\"EntryPoint\",\"urlTemplate\":\"https:\/\/odvetnistvo.net\/?s={search_term_string}\"},\"query-input\":\"required name=search_term_string\"}],\"inLanguage\":\"en-US\"}]}<\/script>\n<!-- \/ Yoast SEO plugin. -->","yoast_head_json":{"title":"Odvetnici - Odvetnica Suzana Jude\u017e","description":"Odvetnici, ki zastopata odvetni\u0161ko pisarno sta Suzana Jude\u017e in Ana Kristina Poto\u010dnik. Odvetnici strokovno pokrivata \u0161irok spekter prava.","robots":{"index":"index","follow":"follow","max-snippet":"max-snippet:-1","max-image-preview":"max-image-preview:large","max-video-preview":"max-video-preview:-1"},"canonical":"https:\/\/odvetnistvo.net\/?page_id=115","og_locale":"en_US","og_type":"article","og_title":"Odvetnici - Odvetnica Suzana Jude\u017e","og_description":"Odvetnici, ki zastopata odvetni\u0161ko pisarno sta Suzana Jude\u017e in Ana Kristina Poto\u010dnik. Odvetnici strokovno pokrivata \u0161irok spekter prava.","og_url":"https:\/\/odvetnistvo.net\/?page_id=115","og_site_name":"Odvetnica Suzana Jude\u017e","article_modified_time":"2024-01-11T09:56:11+00:00","og_image":[{"url":"https:\/\/odvetnistvo.net\/wp-content\/uploads\/2023\/12\/za-slpletno-stran-suzana-scaled.jpg"}],"twitter_card":"summary_large_image","twitter_misc":{"Est. reading time":"1 minute"},"schema":{"@context":"https:\/\/schema.org","@graph":[{"@type":"WebPage","@id":"https:\/\/odvetnistvo.net\/?page_id=115","url":"https:\/\/odvetnistvo.net\/?page_id=115","name":"Odvetnici - Odvetnica Suzana Jude\u017e","isPartOf":{"@id":"https:\/\/odvetnistvo.net\/#website"},"datePublished":"2023-11-27T08:53:09+00:00","dateModified":"2024-01-11T09:56:11+00:00","description":"Odvetnici, ki zastopata odvetni\u0161ko pisarno sta Suzana Jude\u017e in Ana Kristina Poto\u010dnik. Odvetnici strokovno pokrivata \u0161irok spekter prava.","breadcrumb":{"@id":"https:\/\/odvetnistvo.net\/?page_id=115#breadcrumb"},"inLanguage":"en-US","potentialAction":[{"@type":"ReadAction","target":["https:\/\/odvetnistvo.net\/?page_id=115"]}]},{"@type":"BreadcrumbList","@id":"https:\/\/odvetnistvo.net\/?page_id=115#breadcrumb","itemListElement":[{"@type":"ListItem","position":1,"name":"Home","item":"https:\/\/odvetnistvo.net\/"},{"@type":"ListItem","position":2,"name":"Odvetnici"}]},{"@type":"WebSite","@id":"https:\/\/odvetnistvo.net\/#website","url":"https:\/\/odvetnistvo.net\/","name":"Odvetnica Suzana Jude\u017e","description":"www.odvetnistvo.net - celovitost, zaveza, rezultati","potentialAction":[{"@type":"SearchAction","target":{"@type":"EntryPoint","urlTemplate":"https:\/\/odvetnistvo.net\/?s={search_term_string}"},"query-input":"required name=search_term_string"}],"inLanguage":"en-US"}]}},"_links":{"self":[{"href":"https:\/\/odvetnistvo.net\/index.php?rest_route=\/wp\/v2\/pages\/115","targetHints":{"allow":["GET"]}}],"collection":[{"href":"https:\/\/odvetnistvo.net\/index.php?rest_route=\/wp\/v2\/pages"}],"about":[{"href":"https:\/\/odvetnistvo.net\/index.php?rest_route=\/wp\/v2\/types\/page"}],"author":[{"embeddable":true,"href":"https:\/\/odvetnistvo.net\/index.php?rest_route=\/wp\/v2\/users\/1"}],"replies":[{"embeddable":true,"href":"https:\/\/odvetnistvo.net\/index.php?rest_route=%2Fwp%2Fv2%2Fcomments&post=115"}],"version-history":[{"count":41,"href":"https:\/\/odvetnistvo.net\/index.php?rest_route=\/wp\/v2\/pages\/115\/revisions"}],"predecessor-version":[{"id":414,"href":"https:\/\/odvetnistvo.net\/index.php?rest_route=\/wp\/v2\/pages\/115\/revisions\/414"}],"wp:attachment":[{"href":"https:\/\/odvetnistvo.net\/index.php?rest_route=%2Fwp%2Fv2%2Fmedia&parent=115"}],"curies":[{"name":"wp","href":"https:\/\/api.w.org\/{rel}","templated":true}]}}